{"id":369,"date":"2023-12-02T08:53:24","date_gmt":"2023-12-02T13:53:24","guid":{"rendered":"https:\/\/bogavisual.com\/proyectos\/MuseoTrajes\/sitio\/?page_id=369"},"modified":"2025-05-22T23:49:24","modified_gmt":"2025-05-23T04:49:24","slug":"vestir-para-la-luz","status":"publish","type":"page","link":"https:\/\/bogavisual.com\/proyectos\/MuseoTrajes\/sitio\/vestir-para-la-luz\/","title":{"rendered":"Vestir para la luz"},"content":{"rendered":"\t\t<div data-elementor-type=\"wp-page\" data-elementor-id=\"369\" class=\"elementor elementor-369\">\n\t\t\t\t<div class=\"elementor-element elementor-element-2fde175 e-flex e-con-boxed e-con e-parent\" data-id=\"2fde175\" data-element_type=\"container\">\n\t\t\t\t\t<div class=\"e-con-inner\">\n\t\t\t\t<div class=\"elementor-element elementor-element-77f4768 elementor-widget elementor-widget-spacer\" data-id=\"77f4768\" data-element_type=\"widget\" data-widget_type=\"spacer.default\">\n\t\t\t\t<div class=\"elementor-widget-container\">\n\t\t\t\t\t\t\t<div class=\"elementor-spacer\">\n\t\t\t<div class=\"elementor-spacer-inner\"><\/div>\n\t\t<\/div>\n\t\t\t\t\t\t<\/div>\n\t\t\t\t<\/div>\n\t\t\t\t\t<\/div>\n\t\t\t\t<\/div>\n\t\t<div class=\"elementor-element elementor-element-8ccdd54 e-flex e-con-boxed e-con e-parent\" data-id=\"8ccdd54\" data-element_type=\"container\">\n\t\t\t\t\t<div class=\"e-con-inner\">\n\t\t<div class=\"elementor-element elementor-element-717e575 e-con-full e-flex e-con e-child\" data-id=\"717e575\" data-element_type=\"container\" data-settings=\"{&quot;background_background&quot;:&quot;classic&quot;}\">\n\t\t\t\t<div class=\"elementor-element elementor-element-e88dcda elementor-widget elementor-widget-spacer\" data-id=\"e88dcda\" data-element_type=\"widget\" data-widget_type=\"spacer.default\">\n\t\t\t\t<div class=\"elementor-widget-container\">\n\t\t\t\t\t\t\t<div class=\"elementor-spacer\">\n\t\t\t<div class=\"elementor-spacer-inner\"><\/div>\n\t\t<\/div>\n\t\t\t\t\t\t<\/div>\n\t\t\t\t<\/div>\n\t\t\t\t<div class=\"elementor-element elementor-element-c39a441 elementor-invisible elementor-widget elementor-widget-heading\" data-id=\"c39a441\" data-element_type=\"widget\" data-settings=\"{&quot;_animation&quot;:&quot;bounceInLeft&quot;}\" data-widget_type=\"heading.default\">\n\t\t\t\t<div class=\"elementor-widget-container\">\n\t\t\t\t\t<h2 class=\"elementor-heading-title elementor-size-default\">Vestir para la luz:<\/h2>\t\t\t\t<\/div>\n\t\t\t\t<\/div>\n\t\t\t\t<div class=\"elementor-element elementor-element-0bc3302 elementor-invisible elementor-widget elementor-widget-heading\" data-id=\"0bc3302\" data-element_type=\"widget\" data-settings=\"{&quot;_animation&quot;:&quot;bounceInLeft&quot;}\" data-widget_type=\"heading.default\">\n\t\t\t\t<div class=\"elementor-widget-container\">\n\t\t\t\t\t<h2 class=\"elementor-heading-title elementor-size-default\">cocreando relatos de moda<\/h2>\t\t\t\t<\/div>\n\t\t\t\t<\/div>\n\t\t\t\t<div class=\"elementor-element elementor-element-8d8d8e5 elementor-invisible elementor-widget elementor-widget-image\" data-id=\"8d8d8e5\" data-element_type=\"widget\" data-settings=\"{&quot;_animation&quot;:&quot;bounceInUp&quot;}\" data-widget_type=\"image.default\">\n\t\t\t\t<div class=\"elementor-widget-container\">\n\t\t\t\t\t\t\t\t\t\t\t\t\t\t\t<img fetchpriority=\"high\" decoding=\"async\" width=\"771\" height=\"1024\" src=\"https:\/\/bogavisual.com\/proyectos\/MuseoTrajes\/sitio\/wp-content\/uploads\/2023\/12\/mirinaque2-771x1024.jpg\" class=\"attachment-large size-large wp-image-392\" alt=\"\" srcset=\"https:\/\/bogavisual.com\/proyectos\/MuseoTrajes\/sitio\/wp-content\/uploads\/2023\/12\/mirinaque2-771x1024.jpg 771w, https:\/\/bogavisual.com\/proyectos\/MuseoTrajes\/sitio\/wp-content\/uploads\/2023\/12\/mirinaque2-226x300.jpg 226w, https:\/\/bogavisual.com\/proyectos\/MuseoTrajes\/sitio\/wp-content\/uploads\/2023\/12\/mirinaque2-768x1020.jpg 768w, https:\/\/bogavisual.com\/proyectos\/MuseoTrajes\/sitio\/wp-content\/uploads\/2023\/12\/mirinaque2.jpg 850w\" sizes=\"(max-width: 771px) 100vw, 771px\" \/>\t\t\t\t\t\t\t\t\t\t\t\t\t\t\t<\/div>\n\t\t\t\t<\/div>\n\t\t\t\t<\/div>\n\t\t<div class=\"elementor-element elementor-element-7feae97 e-con-full e-flex e-con e-child\" data-id=\"7feae97\" data-element_type=\"container\">\n\t\t\t\t<div class=\"elementor-element elementor-element-b97b827 elementor-widget elementor-widget-heading\" data-id=\"b97b827\" data-element_type=\"widget\" data-widget_type=\"heading.default\">\n\t\t\t\t<div class=\"elementor-widget-container\">\n\t\t\t\t\t<h2 class=\"elementor-heading-title elementor-size-default\"> 1. Exploraci\u00f3n de la metodolog\u00eda de los talleres de co-creaci\u00f3n:<\/h2>\t\t\t\t<\/div>\n\t\t\t\t<\/div>\n\t\t\t\t<div class=\"elementor-element elementor-element-9295cd0 elementor-invisible elementor-widget elementor-widget-text-editor\" data-id=\"9295cd0\" data-element_type=\"widget\" data-settings=\"{&quot;_animation&quot;:&quot;bounceInRight&quot;}\" data-widget_type=\"text-editor.default\">\n\t\t\t\t<div class=\"elementor-widget-container\">\n\t\t\t\t\t\t\t\t\t<p>El proyecto LA MODA ES LUZ, Co-Creaci\u00f3n Digital en el Museo de Trajes, ha sido desarrollado a partir de una metodolog\u00eda participativa, que ha permitido involucrar a los grupos de inter\u00e9s en la construcci\u00f3n de un dispositivo museogr\u00e1fico digital que visibilice la importancia del traje como elemento de identidad, diversidad y contexto cultural y social.<\/p><p>En la primera fase del proyecto, se realizaron seis laboratorios de co-creaci\u00f3n con los grupos de inter\u00e9s, en donde se exploraron sus intereses y miradas en torno a la colecci\u00f3n del Museo de Trajes. Adem\u00e1s, se generaron contenidos digitales que permitieron la creaci\u00f3n de figurines de moda, utilizando fotograf\u00edas de los textiles de la colecci\u00f3n para realizar patrones de vestimenta contempor\u00e1nea. Estas creaciones digitales fueron colectivas y contaron con m\u00f3dulos de contenidos sobre el color, los patrones, los materiales, las texturas, los adornos, los oficios, los usos y s\u00edmbolos en los trajes de la colecci\u00f3n.<\/p><p>En la segunda fase del proyecto, se llev\u00f3 a cabo la adecuaci\u00f3n del espacio, el dise\u00f1o en detalle y la producci\u00f3n e instalaci\u00f3n del dispositivo museogr\u00e1fico, que implic\u00f3 la construcci\u00f3n en f\u00edsico y el desarrollo en el \u00e1mbito digital del posible aplicativo que har\u00e1 funcionar todo el dispositivo.<\/p><p>En la tercera fase del proyecto, se realiz\u00f3 un piloto con p\u00fablico general del Museo y\/o estudiantes de los entornos universitarios de la zona, con el fin de realizar ajustes y llegar a la fase final, que es la implementaci\u00f3n y apertura del dispositivo.<\/p>\t\t\t\t\t\t\t\t<\/div>\n\t\t\t\t<\/div>\n\t\t\t\t<div class=\"elementor-element elementor-element-1066567 elementor-widget elementor-widget-spacer\" data-id=\"1066567\" data-element_type=\"widget\" data-widget_type=\"spacer.default\">\n\t\t\t\t<div class=\"elementor-widget-container\">\n\t\t\t\t\t\t\t<div class=\"elementor-spacer\">\n\t\t\t<div class=\"elementor-spacer-inner\"><\/div>\n\t\t<\/div>\n\t\t\t\t\t\t<\/div>\n\t\t\t\t<\/div>\n\t\t\t\t<div class=\"elementor-element elementor-element-9480124 elementor-widget elementor-widget-heading\" data-id=\"9480124\" data-element_type=\"widget\" data-widget_type=\"heading.default\">\n\t\t\t\t<div class=\"elementor-widget-container\">\n\t\t\t\t\t<h2 class=\"elementor-heading-title elementor-size-default\">2. La apuesta museogr\u00e1fica: costuras de madera y botones con movimiento.<\/h2>\t\t\t\t<\/div>\n\t\t\t\t<\/div>\n\t\t\t\t<div class=\"elementor-element elementor-element-776e05c elementor-invisible elementor-widget elementor-widget-text-editor\" data-id=\"776e05c\" data-element_type=\"widget\" data-settings=\"{&quot;_animation&quot;:&quot;bounceInRight&quot;}\" data-widget_type=\"text-editor.default\">\n\t\t\t\t<div class=\"elementor-widget-container\">\n\t\t\t\t\t\t\t\t\t<p>El dispositivo museogr\u00e1fico creado en el marco del proyecto &#8220;La Moda es Luz&#8221; es un espacio h\u00edbrido que integra la tecnolog\u00eda digital como un elemento que permite a los visitantes interactuar y co-crear su propia experiencia a trav\u00e9s de la colecci\u00f3n permanente del Museo de Trajes de la Universidad de Am\u00e9rica. La propuesta busca generar nuevas experiencias donde el p\u00fablico pueda explorar la moda como una herramienta para la construcci\u00f3n de identidades diversas en un di\u00e1logo que incluye a diferentes actores sociales y culturales.<\/p><p>\u201cEl Vestier\u201d est\u00e1 compuesto por una cabina de captura 3D la cual recibir\u00e1 al visitante y realizar\u00e1 una captura semi-automatizada del traje que lleva puesto. El software utilizado para la captura ser\u00e1 Polycam, que enviar\u00e1 los datos a ser procesados en la nube, para realizar una galer\u00eda con todas las im\u00e1genes y datos se dispone en una pantalla para que los visitantes puedan explorarlas. El dispositivo museogr\u00e1fico permite adentrarse en el universo de las historias de los textiles. La integraci\u00f3n de la tecnolog\u00eda digital y elementos sensoriales, textiles y culturales permitir\u00e1 crear una experiencia \u00fanica y enriquecedora para todos los p\u00fablicos.\u00a0\u00a0<\/p><p>Este fue un proceso meticuloso que requiere una combinaci\u00f3n de creatividad y tecnolog\u00eda. Tomamos como\u00a0 met\u00e1fora de los miri\u00f1aques, armazones circulares de tela r\u00edgida de aros de metal o mimbre, es una inspiraci\u00f3n para el dise\u00f1o de estos dispositivos. Estos soportes del vestido, que se atan a la cintura de la mujer con cintas y llegan hasta los pies, se colocan debajo de las faldas para ahuecarlas. Fueron un soporte del vestido de gran popularidad hasta principios del siglo XIX.<\/p><p>Para crear el dispositivo museogr\u00e1fico desde la esencia de los miri\u00f1aques, se ha decidido utilizar madera como material principal. Esta opci\u00f3n se ha tomado debido a sus caracter\u00edsticas ecol\u00f3gicas y tambi\u00e9n en di\u00e1logo con la casa patrimonial que alberga el\u00a0 museo. La madera se utilizar\u00e1 para crear una estructura que simula la forma de los miri\u00f1aques, capturando su forma y textura.<\/p>\t\t\t\t\t\t\t\t<\/div>\n\t\t\t\t<\/div>\n\t\t\t\t<div class=\"elementor-element elementor-element-a77b64d elementor-widget elementor-widget-spacer\" data-id=\"a77b64d\" data-element_type=\"widget\" data-widget_type=\"spacer.default\">\n\t\t\t\t<div class=\"elementor-widget-container\">\n\t\t\t\t\t\t\t<div class=\"elementor-spacer\">\n\t\t\t<div class=\"elementor-spacer-inner\"><\/div>\n\t\t<\/div>\n\t\t\t\t\t\t<\/div>\n\t\t\t\t<\/div>\n\t\t\t\t<div class=\"elementor-element elementor-element-c49add8 elementor-widget elementor-widget-heading\" data-id=\"c49add8\" data-element_type=\"widget\" data-widget_type=\"heading.default\">\n\t\t\t\t<div class=\"elementor-widget-container\">\n\t\t\t\t\t<h2 class=\"elementor-heading-title elementor-size-default\">3. Los diversos usos del objeto museogr\u00e1fico<\/h2>\t\t\t\t<\/div>\n\t\t\t\t<\/div>\n\t\t\t\t<div class=\"elementor-element elementor-element-b6b7598 elementor-invisible elementor-widget elementor-widget-text-editor\" data-id=\"b6b7598\" data-element_type=\"widget\" data-settings=\"{&quot;_animation&quot;:&quot;bounceInRight&quot;}\" data-widget_type=\"text-editor.default\">\n\t\t\t\t<div class=\"elementor-widget-container\">\n\t\t\t\t\t\t\t\t\t<p>El dispositivo museogr\u00e1fico creado en el marco del proyecto &#8220;La Moda es Luz&#8221; est\u00e1 dise\u00f1ado para ser utilizado con diversas finalidades y en diferentes contextos. Una de las principales funcionalidades del dispositivo es permitir que los visitantes del museo interact\u00faen con la colecci\u00f3n permanente del Museo de Trajes de la Universidad de Am\u00e9rica, explorando la moda como una herramienta para la construcci\u00f3n de identidades diversas en un di\u00e1logo que incluye a diferentes actores sociales y culturales. A continuaci\u00f3n, se presentan algunos de los usos m\u00e1s relevantes de este dispositivo:<\/p><ol><li>Exposiciones tem\u00e1ticas: El dispositivo de &#8220;La Moda es Luz&#8221; puede ser utilizado en exposiciones tem\u00e1ticas sobre moda y textiles, permitiendo a los visitantes interactuar con la colecci\u00f3n y crear su propia experiencia.<\/li><li>Investigaci\u00f3n: La utilizaci\u00f3n del dispositivo en proyectos de investigaci\u00f3n permite la creaci\u00f3n de una base de datos donde se pueden almacenar y analizar los datos de las prendas escaneadas, permitiendo as\u00ed un mayor conocimiento sobre las colecciones y la historia de los textiles y la moda.<\/li><li>Educaci\u00f3n y formaci\u00f3n: El dispositivo museogr\u00e1fico tambi\u00e9n se puede utilizar en contextos educativos para fomentar el aprendizaje sobre la moda y el dise\u00f1o, y para promover el desarrollo de habilidades t\u00e9cnicas en digitalizaci\u00f3n y modelado 3D.<\/li><li>Difusi\u00f3n y promoci\u00f3n: El dispositivo puede ser utilizado para la difusi\u00f3n y promoci\u00f3n de la colecci\u00f3n en l\u00ednea, permitiendo a los visitantes explorar la colecci\u00f3n desde cualquier lugar del mundo a trav\u00e9s de la galer\u00eda de Polycam.<\/li><li>Preservaci\u00f3n de patrimonio cultural: La utilizaci\u00f3n del dispositivo en el proceso de digitalizaci\u00f3n de la colecci\u00f3n permite la preservaci\u00f3n del patrimonio cultural, ya que no solo se digitaliza la prenda sino tambi\u00e9n se registran metadata y explicaciones de la prenda y su contexto.<\/li><\/ol><p>\u00a0<\/p>\t\t\t\t\t\t\t\t<\/div>\n\t\t\t\t<\/div>\n\t\t\t\t<\/div>\n\t\t\t\t\t<\/div>\n\t\t\t\t<\/div>\n\t\t<div class=\"elementor-element elementor-element-38c31a7 e-flex e-con-boxed e-con e-parent\" data-id=\"38c31a7\" data-element_type=\"container\">\n\t\t\t\t\t<div class=\"e-con-inner\">\n\t\t\t\t<div class=\"elementor-element elementor-element-1a80488 elementor-widget elementor-widget-spacer\" data-id=\"1a80488\" data-element_type=\"widget\" data-widget_type=\"spacer.default\">\n\t\t\t\t<div class=\"elementor-widget-container\">\n\t\t\t\t\t\t\t<div class=\"elementor-spacer\">\n\t\t\t<div class=\"elementor-spacer-inner\"><\/div>\n\t\t<\/div>\n\t\t\t\t\t\t<\/div>\n\t\t\t\t<\/div>\n\t\t\t\t\t<\/div>\n\t\t\t\t<\/div>\n\t\t<div class=\"elementor-element elementor-element-2554478f e-flex e-con-boxed e-con e-parent\" data-id=\"2554478f\" data-element_type=\"container\">\n\t\t\t\t\t<div class=\"e-con-inner\">\n\t\t<div class=\"elementor-element elementor-element-6bf30630 e-con-full e-flex e-con e-child\" data-id=\"6bf30630\" data-element_type=\"container\">\n\t\t\t\t<\/div>\n\t\t<div class=\"elementor-element elementor-element-4c3b58fb e-con-full e-flex e-con e-child\" data-id=\"4c3b58fb\" data-element_type=\"container\">\n\t\t\t\t<div class=\"elementor-element elementor-element-b3422ff elementor-invisible elementor-widget elementor-widget-image\" data-id=\"b3422ff\" data-element_type=\"widget\" data-settings=\"{&quot;_animation&quot;:&quot;pulse&quot;}\" data-widget_type=\"image.default\">\n\t\t\t\t<div class=\"elementor-widget-container\">\n\t\t\t\t\t\t\t\t\t\t\t\t\t\t\t<img decoding=\"async\" width=\"200\" height=\"79\" src=\"https:\/\/bogavisual.com\/proyectos\/MuseoTrajes\/sitio\/wp-content\/uploads\/2023\/11\/logoSitio01.png\" class=\"attachment-large size-large wp-image-39\" alt=\"\" \/>\t\t\t\t\t\t\t\t\t\t\t\t\t\t\t<\/div>\n\t\t\t\t<\/div>\n\t\t\t\t<\/div>\n\t\t<div class=\"elementor-element elementor-element-52aad64d e-con-full e-flex e-con e-child\" data-id=\"52aad64d\" data-element_type=\"container\">\n\t\t\t\t<\/div>\n\t\t\t\t\t<\/div>\n\t\t\t\t<\/div>\n\t\t<div class=\"elementor-element elementor-element-dc5435b e-flex e-con-boxed e-con e-parent\" data-id=\"dc5435b\" data-element_type=\"container\">\n\t\t\t\t\t<div class=\"e-con-inner\">\n\t\t<div class=\"elementor-element elementor-element-210f775e e-con-full e-flex e-con e-child\" data-id=\"210f775e\" data-element_type=\"container\">\n\t\t\t\t<div class=\"elementor-element elementor-element-7a34161e elementor-invisible elementor-widget elementor-widget-image\" data-id=\"7a34161e\" data-element_type=\"widget\" data-settings=\"{&quot;_animation&quot;:&quot;pulse&quot;}\" data-widget_type=\"image.default\">\n\t\t\t\t<div class=\"elementor-widget-container\">\n\t\t\t\t\t\t\t\t\t\t\t\t\t\t\t<img decoding=\"async\" width=\"600\" height=\"119\" src=\"https:\/\/bogavisual.com\/proyectos\/MuseoTrajes\/sitio\/wp-content\/uploads\/2023\/11\/logo_ministerio_completo.png\" class=\"attachment-large size-large wp-image-271\" alt=\"\" srcset=\"https:\/\/bogavisual.com\/proyectos\/MuseoTrajes\/sitio\/wp-content\/uploads\/2023\/11\/logo_ministerio_completo.png 600w, https:\/\/bogavisual.com\/proyectos\/MuseoTrajes\/sitio\/wp-content\/uploads\/2023\/11\/logo_ministerio_completo-300x60.png 300w\" sizes=\"(max-width: 600px) 100vw, 600px\" \/>\t\t\t\t\t\t\t\t\t\t\t\t\t\t\t<\/div>\n\t\t\t\t<\/div>\n\t\t\t\t<\/div>\n\t\t<div class=\"elementor-element elementor-element-e6ff777 e-con-full e-flex e-con e-child\" data-id=\"e6ff777\" data-element_type=\"container\">\n\t\t\t\t<div class=\"elementor-element elementor-element-66aeb996 elementor-invisible elementor-widget elementor-widget-image\" data-id=\"66aeb996\" data-element_type=\"widget\" data-settings=\"{&quot;_animation&quot;:&quot;pulse&quot;}\" data-widget_type=\"image.default\">\n\t\t\t\t<div class=\"elementor-widget-container\">\n\t\t\t\t\t\t\t\t\t\t\t\t\t\t\t<img loading=\"lazy\" decoding=\"async\" width=\"523\" height=\"119\" src=\"https:\/\/bogavisual.com\/proyectos\/MuseoTrajes\/sitio\/wp-content\/uploads\/2023\/11\/logoMuseo_completo.png\" class=\"attachment-large size-large wp-image-272\" alt=\"\" srcset=\"https:\/\/bogavisual.com\/proyectos\/MuseoTrajes\/sitio\/wp-content\/uploads\/2023\/11\/logoMuseo_completo.png 523w, https:\/\/bogavisual.com\/proyectos\/MuseoTrajes\/sitio\/wp-content\/uploads\/2023\/11\/logoMuseo_completo-300x68.png 300w\" sizes=\"(max-width: 523px) 100vw, 523px\" \/>\t\t\t\t\t\t\t\t\t\t\t\t\t\t\t<\/div>\n\t\t\t\t<\/div>\n\t\t\t\t<\/div>\n\t\t<div class=\"elementor-element elementor-element-d91f574 e-con-full e-flex e-con e-child\" data-id=\"d91f574\" data-element_type=\"container\">\n\t\t\t\t<div class=\"elementor-element elementor-element-c8fed4e elementor-invisible elementor-widget elementor-widget-image\" data-id=\"c8fed4e\" data-element_type=\"widget\" data-settings=\"{&quot;_animation&quot;:&quot;pulse&quot;}\" data-widget_type=\"image.default\">\n\t\t\t\t<div class=\"elementor-widget-container\">\n\t\t\t\t\t\t\t\t\t\t\t\t\t\t\t<img loading=\"lazy\" decoding=\"async\" width=\"614\" height=\"119\" src=\"https:\/\/bogavisual.com\/proyectos\/MuseoTrajes\/sitio\/wp-content\/uploads\/2023\/11\/logosMuseoNacional_completo.png\" class=\"attachment-large size-large wp-image-273\" alt=\"\" srcset=\"https:\/\/bogavisual.com\/proyectos\/MuseoTrajes\/sitio\/wp-content\/uploads\/2023\/11\/logosMuseoNacional_completo.png 614w, https:\/\/bogavisual.com\/proyectos\/MuseoTrajes\/sitio\/wp-content\/uploads\/2023\/11\/logosMuseoNacional_completo-300x58.png 300w\" sizes=\"(max-width: 614px) 100vw, 614px\" \/>\t\t\t\t\t\t\t\t\t\t\t\t\t\t\t<\/div>\n\t\t\t\t<\/div>\n\t\t\t\t<\/div>\n\t\t\t\t\t<\/div>\n\t\t\t\t<\/div>\n\t\t<div class=\"elementor-element elementor-element-5dafca84 e-flex e-con-boxed e-con e-parent\" data-id=\"5dafca84\" data-element_type=\"container\">\n\t\t\t\t\t<div class=\"e-con-inner\">\n\t\t\t\t<div class=\"elementor-element elementor-element-3a4d9f27 elementor-widget elementor-widget-text-editor\" data-id=\"3a4d9f27\" data-element_type=\"widget\" data-widget_type=\"text-editor.default\">\n\t\t\t\t<div class=\"elementor-widget-container\">\n\t\t\t\t\t\t\t\t\t<p>\u00a9 Fundaci\u00f3n Universidad de Am\u00e9rica &#8211; Todos los Derechos Reservados. Instituci\u00f3n de Educaci\u00f3n Superior vigilada por el Ministerio de Educaci\u00f3n Nacional.\u00a0<\/p><p>Dise\u00f1o y desarrollo <a style=\"color: #7a7a7a;\" href=\"https:\/\/www.bogavisual.com\" target=\"_blank\" rel=\"noopener\"><strong>Boga Visual<\/strong><\/a><\/p>\t\t\t\t\t\t\t\t<\/div>\n\t\t\t\t<\/div>\n\t\t\t\t\t<\/div>\n\t\t\t\t<\/div>\n\t\t\t\t<\/div>\n\t\t","protected":false},"excerpt":{"rendered":"<p>Vestir para la luz: cocreando relatos de moda 1. Exploraci\u00f3n de la metodolog\u00eda de los talleres de co-creaci\u00f3n: El proyecto LA MODA ES LUZ, Co-Creaci\u00f3n Digital en el Museo de Trajes, ha sido desarrollado a partir de una metodolog\u00eda participativa, que ha permitido involucrar a los grupos de inter\u00e9s en la construcci\u00f3n de un dispositivo [&hellip;]<\/p>\n","protected":false},"author":1,"featured_media":0,"parent":0,"menu_order":0,"comment_status":"closed","ping_status":"closed","template":"","meta":{"footnotes":""},"class_list":["post-369","page","type-page","status-publish","hentry"],"_links":{"self":[{"href":"https:\/\/bogavisual.com\/proyectos\/MuseoTrajes\/sitio\/wp-json\/wp\/v2\/pages\/369","targetHints":{"allow":["GET"]}}],"collection":[{"href":"https:\/\/bogavisual.com\/proyectos\/MuseoTrajes\/sitio\/wp-json\/wp\/v2\/pages"}],"about":[{"href":"https:\/\/bogavisual.com\/proyectos\/MuseoTrajes\/sitio\/wp-json\/wp\/v2\/types\/page"}],"author":[{"embeddable":true,"href":"https:\/\/bogavisual.com\/proyectos\/MuseoTrajes\/sitio\/wp-json\/wp\/v2\/users\/1"}],"replies":[{"embeddable":true,"href":"https:\/\/bogavisual.com\/proyectos\/MuseoTrajes\/sitio\/wp-json\/wp\/v2\/comments?post=369"}],"version-history":[{"count":46,"href":"https:\/\/bogavisual.com\/proyectos\/MuseoTrajes\/sitio\/wp-json\/wp\/v2\/pages\/369\/revisions"}],"predecessor-version":[{"id":1239,"href":"https:\/\/bogavisual.com\/proyectos\/MuseoTrajes\/sitio\/wp-json\/wp\/v2\/pages\/369\/revisions\/1239"}],"wp:attachment":[{"href":"https:\/\/bogavisual.com\/proyectos\/MuseoTrajes\/sitio\/wp-json\/wp\/v2\/media?parent=369"}],"curies":[{"name":"wp","href":"https:\/\/api.w.org\/{rel}","templated":true}]}}